{"id":2821,"date":"2020-10-04T22:16:37","date_gmt":"2020-10-04T20:16:37","guid":{"rendered":"https:\/\/hotelrinaldo.it\/privacy-cookie-policy\/"},"modified":"2020-10-04T22:16:37","modified_gmt":"2020-10-04T20:16:37","slug":"privacy-cookie-policy","status":"publish","type":"page","link":"https:\/\/hotelrinaldo.it\/es\/privacy-cookie-policy\/","title":{"rendered":"Privacy &#038; Cookie Policy"},"content":{"rendered":"<p>[vc_row css=\u00bb.vc_custom_1492612814975{margin-top: 40px !important;margin-bottom: 40px !important;}\u00bb][vc_column width=\u00bb2\/3&#8243;]<div style=\"background-color:; height: 20px;\" class=\"nicdark_section  \"><\/div> <h3 style=\"color:; padding:px; text-align:; font-size:25px; line-height:px; letter-spacing: px; font-weight:;\" class=\"    \">Perch\u00e8 questo avviso<\/h3> <div style=\"background-color:; height: 30px;\" class=\"nicdark_section  \"><\/div>[vc_column_text]<\/p>\n<p>In questa pagina si descrivono le modalit\u00e0 di gestione del sito in riferimento al trattamento dei dati personali degli utenti che lo consultano. Si tratta di un&#8217;informativa che \u00e8 resa anche ai sensi dell&#8217;art. 13 del d.lg. n. 196\/2003 (Codice in materia di protezione dei dati personali) \u00a0a coloro che interagiscono con i servizi web di ALBERGO RINALDO di Gnemmi Mauro, accessibili per via telematica a partire dall&#8217;indirizzo <a href=\"https:\/\/hotelrinaldo.it\/es\/\">www.hotelrinaldo.it<\/a>,\u00a0corrispondente alla pagina iniziale del sito ufficiale di ALBERGO RINALDO di Gnemmi Mauro. L&#8217;informativa \u00e8 resa solo per il sito indicato e non anche per altri siti web eventualmente consultati dall&#8217;utente tramite link. L&#8217;informativa si ispira anche alla Raccomandazione n. 2\/2001 che le autorit\u00e0 europee per la protezione dei dati personali, riunite nel Gruppo istituito dall&#8217;art. 29 della direttiva n. 95\/46\/CE, hanno adottato il 17 maggio 2001 per individuare alcuni requisiti minimi per la raccolta di dati personali on-line, e, in particolare, le modalit\u00e0, i tempi e la natura delle informazioni che i titolari del trattamento devono fornire agli utenti quando questi si collegano a pagine web, indipendentemente dagli scopi del collegamento.<\/p>\n<p>[\/vc_column_text]<div style=\"background-color:; height: 40px;\" class=\"nicdark_section  \"><\/div> <h3 style=\"color:; padding:px; text-align:; font-size:25px; line-height:px; letter-spacing: px; font-weight:;\" class=\"    \">Il ``titolare`` del trattamento<\/h3> <div style=\"background-color:; height: 30px;\" class=\"nicdark_section  \"><\/div>[vc_column_text]<\/p>\n<p>A seguito della consultazione di questo sito possono essere trattati dati relativi a persone identificate o identificabili. Il \u00abtitolare\u00bb del loro trattamento \u00e8 l&#8217;ALBERGO RINALDO di Gnemmi Mauro, che ha sede in Via Foscolo 31, 28021 Borgomanero (NO), Italia.<\/p>\n<p>[\/vc_column_text]<div style=\"background-color:; height: 40px;\" class=\"nicdark_section  \"><\/div> <h3 style=\"color:; padding:px; text-align:; font-size:25px; line-height:px; letter-spacing: px; font-weight:;\" class=\"    \">Responsabile del trattamento<\/h3> <div style=\"background-color:; height: 30px;\" class=\"nicdark_section  \"><\/div>[vc_column_text]<\/p>\n<p>Il responsabile del trattamento \u00e8 Gnemmi Mauro (cod. fisc. GNMMRA52A15B019Q) domiciliato per lo svolgimento dell&#8217;incarico presso la sede di Via Foscolo 31, 28021 Borgomanero (NO), Italia.<\/p>\n<p>[\/vc_column_text]<div style=\"background-color:; height: 40px;\" class=\"nicdark_section  \"><\/div> <h3 style=\"color:; padding:px; text-align:; font-size:25px; line-height:px; letter-spacing: px; font-weight:;\" class=\"    \">Tipi di dati trattati<\/h3> <div style=\"background-color:; height: 30px;\" class=\"nicdark_section  \"><\/div>\n  \n  <script type=\"text\/javascript\">\n    \/\/<![CDATA[\n    \n    jQuery(document).ready(function() {\n\n      \/\/toogle\n      jQuery( \".nd_options_toogle_title_open_695\" ).click(function() {\n        jQuery( \".nd_options_toogle_content_695\" ).show( \"slow\", function() {\n          jQuery( \".nd_options_toogle_title_open_695\" ).css(\"display\",\"none\");\n          jQuery( \".nd_options_toogle_title_close_695\" ).css(\"display\",\"block\");\n        });\n      });\n      jQuery( \".nd_options_toogle_title_close_695\" ).click(function() {\n        jQuery( \".nd_options_toogle_content_695\" ).hide( \"slow\", function() {\n          jQuery( \".nd_options_toogle_title_close_695\" ).css(\"display\",\"none\");\n          jQuery( \".nd_options_toogle_title_open_695\" ).css(\"display\",\"block\");  \n        }); \n      });\n\n    });\n\n    \/\/]]>\n  <\/script>\n\n  \n\n    <div class=\"nd_options_section nd_options_toogles_faq \">\n\n      <div class=\"nd_options_section nd_options_box_sizing_border_box\">\n        <p class=\"nd_options_toogle_title nd_options_first_font nd_options_font_size_17 nd_options_position_relative nd_options_padding_right_20 nd_options_padding_top_5 nd_options_padding_left_45 nd_options_padding_bottom_5\">\n          <span style=\"background-color:#6b6978;\" class=\"nd_options_cursor_pointer nd_options_text_align_center nd_options_toogle_title_open_695 nd_options_width_25 nd_options_height_25  nd_options_position_absolute nd_options_top_0 nd_options_left_0\">\n            <img alt=\"\" class=\"nd_options_margin_top_6\" width=\"12\" src=\"https:\/\/hotelrinaldo.it\/wp-content\/plugins\/nd-shortcodes\/shortcodes\/custom\/toogle\/icon-add-white.png\">\n          <\/span> \n          <span style=\"background-color:#6b6978;\"  class=\"nd_options_cursor_pointer nd_options_text_align_center nd_options_toogle_title_close_695 nd_options_width_25 nd_options_display_none nd_options_height_25  nd_options_position_absolute nd_options_top_0 nd_options_left_0\">\n            <img alt=\"\" class=\"nd_options_margin_top_6\" width=\"12\" src=\"https:\/\/hotelrinaldo.it\/wp-content\/plugins\/nd-shortcodes\/shortcodes\/custom\/toogle\/icon-less-white.png\">\n          <\/span>\n          Dati di navigazione\n        <\/p>\n      <\/div>\n      \n      <div class=\"nd_options_display_none nd_options_padding_20 nd_options_padding_left_45 nd_options_toogle_content_695 nd_options_section nd_options_box_sizing_border_box\">\n        <p>I sistemi informatici e le procedure software preposte al funzionamento di questo sito web acquisiscono, nel corso del loro normale esercizio, alcuni dati personali la cui trasmissione \u00e8 implicita nell'uso dei protocolli di comunicazione di Internet. Si tratta di informazioni che non sono raccolte per essere associate a interessati identificati, ma che per loro stessa natura potrebbero, attraverso elaborazioni ed associazioni con dati detenuti da terzi, permettere di identificare gli utenti. In questa categoria di dati rientrano gli indirizzi IP o i nomi a dominio dei computer utilizzati dagli utenti che si connettono al sito, gli indirizzi in notazione URI (Uniform Resource Identifier) delle risorse richieste, l'orario della richiesta, il metodo utilizzato nel sottoporre la richiesta al server, la dimensione del file ottenuto in risposta, il codice numerico indicante lo stato della risposta data dal server (buon fine, errore, ecc...) ed altri parametri relativi al sistema operativo e all'ambiente informatico dell'utente. Questi dati vengono utilizzati al solo fine di ricavare informazioni statistiche anonime sull'uso del sito e per controllarne il corretto funzionamento e vengono cancellati immediatamente dopo l'elaborazione. I dati potrebbero essere utilizzati per l'accertamento di responsabilit\u00e0 in caso di ipotetici reati informatici ai danni del sito: salva questa eventualit\u00e0, allo stato i dati sui contatti web non persistono per pi\u00f9 di sette giorni.<\/p>\n      <\/div>\n\n    <\/div>\n\n   <div style=\"background-color:; height: 20px;\" class=\"nicdark_section  \"><\/div>\n  \n  <script type=\"text\/javascript\">\n    \/\/<![CDATA[\n    \n    jQuery(document).ready(function() {\n\n      \/\/toogle\n      jQuery( \".nd_options_toogle_title_open_688\" ).click(function() {\n        jQuery( \".nd_options_toogle_content_688\" ).show( \"slow\", function() {\n          jQuery( \".nd_options_toogle_title_open_688\" ).css(\"display\",\"none\");\n          jQuery( \".nd_options_toogle_title_close_688\" ).css(\"display\",\"block\");\n        });\n      });\n      jQuery( \".nd_options_toogle_title_close_688\" ).click(function() {\n        jQuery( \".nd_options_toogle_content_688\" ).hide( \"slow\", function() {\n          jQuery( \".nd_options_toogle_title_close_688\" ).css(\"display\",\"none\");\n          jQuery( \".nd_options_toogle_title_open_688\" ).css(\"display\",\"block\");  \n        }); \n      });\n\n    });\n\n    \/\/]]>\n  <\/script>\n\n  \n\n    <div class=\"nd_options_section nd_options_toogles_faq \">\n\n      <div class=\"nd_options_section nd_options_box_sizing_border_box\">\n        <p class=\"nd_options_toogle_title nd_options_first_font nd_options_font_size_17 nd_options_position_relative nd_options_padding_right_20 nd_options_padding_top_5 nd_options_padding_left_45 nd_options_padding_bottom_5\">\n          <span style=\"background-color:#6b6978;\" class=\"nd_options_cursor_pointer nd_options_text_align_center nd_options_toogle_title_open_688 nd_options_width_25 nd_options_height_25  nd_options_position_absolute nd_options_top_0 nd_options_left_0\">\n            <img alt=\"\" class=\"nd_options_margin_top_6\" width=\"12\" src=\"https:\/\/hotelrinaldo.it\/wp-content\/plugins\/nd-shortcodes\/shortcodes\/custom\/toogle\/icon-add-white.png\">\n          <\/span> \n          <span style=\"background-color:#6b6978;\"  class=\"nd_options_cursor_pointer nd_options_text_align_center nd_options_toogle_title_close_688 nd_options_width_25 nd_options_display_none nd_options_height_25  nd_options_position_absolute nd_options_top_0 nd_options_left_0\">\n            <img alt=\"\" class=\"nd_options_margin_top_6\" width=\"12\" src=\"https:\/\/hotelrinaldo.it\/wp-content\/plugins\/nd-shortcodes\/shortcodes\/custom\/toogle\/icon-less-white.png\">\n          <\/span>\n          Dati forniti volontariamente dall'utente\n        <\/p>\n      <\/div>\n      \n      <div class=\"nd_options_display_none nd_options_padding_20 nd_options_padding_left_45 nd_options_toogle_content_688 nd_options_section nd_options_box_sizing_border_box\">\n        <p>L'invio facoltativo, esplicito e volontario di posta elettronica agli indirizzi indicati su questo sito comporta la successiva acquisizione dell'indirizzo del mittente, necessario per rispondere alle richieste, nonch\u00e9 degli eventuali altri dati personali inseriti nella missiva. Specifiche informative di sintesi verranno progressivamente riportate o visualizzate nelle pagine del sito predisposte per particolari servizi a richiesta.<\/p>\n      <\/div>\n\n    <\/div>\n\n   <div style=\"background-color:; height: 50px;\" class=\"nicdark_section  \"><\/div> <h3 style=\"color:; padding:px; text-align:; font-size:25px; line-height:px; letter-spacing: px; font-weight:;\" class=\"    \">Facoltativit\u00e0 del conferimento dati<\/h3> <div style=\"background-color:; height: 30px;\" class=\"nicdark_section  \"><\/div>[vc_column_text]<\/p>\n<p>A parte quanto specificato per i dati di navigazione, l&#8217;utente \u00e8 libero di fornire i dati personali riportati nei moduli di richiesta a ALBERGO RINALDO di Gnemmi Mauro o comunque indicati in contatti per sollecitare l&#8217;invio di materiale informativo o di altre comunicazioni. Il loro mancato conferimento pu\u00f2 comportare l&#8217;impossibilit\u00e0 di ottenere quanto richiesto.<\/p>\n<p>[\/vc_column_text]<div style=\"background-color:; height: 40px;\" class=\"nicdark_section  \"><\/div> <h3 style=\"color:; padding:px; text-align:; font-size:25px; line-height:px; letter-spacing: px; font-weight:;\" class=\"    \">Modalit\u00e0 del trattamento<\/h3> <div style=\"background-color:; height: 30px;\" class=\"nicdark_section  \"><\/div>[vc_column_text]<\/p>\n<p>I dati personali sono trattati con strumenti automatizzati per il tempo strettamente necessario a conseguire gli scopi per cui sono stati raccolti. Specifiche misure di sicurezza sono osservate per prevenire la perdita dei dati, usi illeciti o non corretti ed accessi non autorizzati.<\/p>\n<p>[\/vc_column_text]<div style=\"background-color:; height: 40px;\" class=\"nicdark_section  \"><\/div> <h3 style=\"color:; padding:px; text-align:; font-size:25px; line-height:px; letter-spacing: px; font-weight:;\" class=\"    \">Diritti degli interessati<\/h3> <div style=\"background-color:; height: 30px;\" class=\"nicdark_section  \"><\/div>[vc_column_text]<\/p>\n<p>I soggetti cui si riferiscono i dati personali hanno il diritto in qualunque momento di ottenere la conferma dell&#8217;esistenza o meno dei medesimi dati e di conoscerne il contenuto e l&#8217;origine, verificarne l&#8217;esattezza o chiederne l&#8217;integrazione o l&#8217;aggiornamento, oppure la rettificazione (articolo 7 del Codice in materia di protezione dei dati personali). Ai sensi del medesimo articolo si ha il diritto di chiedere la cancellazione, la trasformazione in forma anonima o il blocco dei dati trattati in violazione di legge, nonch\u00e9 di opporsi in ogni caso, per motivi legittimi, al loro trattamento. Le richieste vanno rivolte:<\/p>\n<ul>\n<li>via e-mail, all&#8217;indirizzo <a href=\"mailto:info@hotelrinaldo.it\">info@hotelrinaldo.it<\/a><\/li>\n<li>via fax: <a href=\"fax:+390322869385\">+39 0322 869385<\/a><\/li>\n<li>oppure via posta, all&#8217;ALBERGO RINALDO di Gnemmi Mauro, Via Foscolo 31, 28021 Borgomanero (NO), Italia<\/li>\n<\/ul>\n<p>[\/vc_column_text]<div style=\"background-color:; height: 40px;\" class=\"nicdark_section  \"><\/div> <h5 style=\"color:; padding:px; text-align:; font-size:18px; line-height:20px; letter-spacing: px; font-weight:normal;\" class=\"    \">Questa pagina \u00e8 visibile, mediante link presente in tutte le pagine del sito, ai sensi dell'art. 13 del d.lg. n. 196\/2003 (Codice in materia di protezione dei dati personali); costituisce la ``Privacy Policy`` di questo sito che sar\u00e0 soggetta ad aggiornamenti.<\/h5> <div style=\"background-color:; height: 30px;\" class=\"nicdark_section  \"><\/div>[\/vc_column][vc_column width=\u00bb1\/3&#8243; css=\u00bb.vc_custom_1486115020030{padding-right: 30px !important;padding-left: 30px !important;}\u00bb][\/vc_column][\/vc_row]<\/p>\n","protected":false},"excerpt":{"rendered":"<p>[vc_row css=\u00bb.vc_custom_1492612814975{margin-top: 40px !important;margin-bottom: 40px !important;}\u00bb][vc_column width=\u00bb2\/3&#8243;][vc_column_text] In questa pagina si descrivono le modalit\u00e0 di gestione del sito in riferimento al trattamento dei dati personali degli utenti che lo consultano. Si tratta di un&#8217;informativa che \u00e8 resa anche ai sensi dell&#8217;art. 13 del d.lg. n. 196\/2003 (Codice in materia di protezione dei dati personali) \u00a0a [&hellip;]<\/p>\n","protected":false},"author":1,"featured_media":0,"parent":0,"menu_order":0,"comment_status":"closed","ping_status":"closed","template":"","meta":[],"yoast_head":"<!-- This site is optimized with the Yoast SEO plugin v20.3 - https:\/\/yoast.com\/wordpress\/plugins\/seo\/ -->\n<title>Privacy &amp; Cookie Policy - Hotel Rinaldo Apartments, Borgomanero<\/title>\n<meta name=\"robots\" content=\"index, follow, max-snippet:-1, max-image-preview:large, max-video-preview:-1\" \/>\n<link rel=\"canonical\" href=\"https:\/\/hotelrinaldo.it\/es\/privacy-cookie-policy\/\" \/>\n<meta property=\"og:locale\" content=\"es_ES\" \/>\n<meta property=\"og:type\" content=\"article\" \/>\n<meta property=\"og:title\" content=\"Privacy &amp; Cookie Policy - Hotel Rinaldo Apartments, Borgomanero\" \/>\n<meta property=\"og:description\" content=\"[vc_row css=\u00bb.vc_custom_1492612814975{margin-top: 40px !important;margin-bottom: 40px !important;}\u00bb][vc_column width=\u00bb2\/3&#8243;][vc_column_text] In questa pagina si descrivono le modalit\u00e0 di gestione del sito in riferimento al trattamento dei dati personali degli utenti che lo consultano. Si tratta di un&#8217;informativa che \u00e8 resa anche ai sensi dell&#8217;art. 13 del d.lg. n. 196\/2003 (Codice in materia di protezione dei dati personali) \u00a0a [&hellip;]\" \/>\n<meta property=\"og:url\" content=\"https:\/\/hotelrinaldo.it\/es\/privacy-cookie-policy\/\" \/>\n<meta property=\"og:site_name\" content=\"Hotel Rinaldo Apartments, Borgomanero\" \/>\n<meta name=\"twitter:card\" content=\"summary_large_image\" \/>\n<meta name=\"twitter:label1\" content=\"Tiempo de lectura\" \/>\n\t<meta name=\"twitter:data1\" content=\"6 minutos\" \/>\n<script type=\"application\/ld+json\" class=\"yoast-schema-graph\">{\"@context\":\"https:\/\/schema.org\",\"@graph\":[{\"@type\":\"WebPage\",\"@id\":\"https:\/\/hotelrinaldo.it\/es\/privacy-cookie-policy\/\",\"url\":\"https:\/\/hotelrinaldo.it\/es\/privacy-cookie-policy\/\",\"name\":\"Privacy & Cookie Policy - Hotel Rinaldo Apartments, Borgomanero\",\"isPartOf\":{\"@id\":\"https:\/\/hotelrinaldo.it\/es\/#website\"},\"datePublished\":\"2020-10-04T20:16:37+00:00\",\"dateModified\":\"2020-10-04T20:16:37+00:00\",\"breadcrumb\":{\"@id\":\"https:\/\/hotelrinaldo.it\/es\/privacy-cookie-policy\/#breadcrumb\"},\"inLanguage\":\"es\",\"potentialAction\":[{\"@type\":\"ReadAction\",\"target\":[\"https:\/\/hotelrinaldo.it\/es\/privacy-cookie-policy\/\"]}]},{\"@type\":\"BreadcrumbList\",\"@id\":\"https:\/\/hotelrinaldo.it\/es\/privacy-cookie-policy\/#breadcrumb\",\"itemListElement\":[{\"@type\":\"ListItem\",\"position\":1,\"name\":\"Home\",\"item\":\"https:\/\/hotelrinaldo.it\/es\/\"},{\"@type\":\"ListItem\",\"position\":2,\"name\":\"Privacy &#038; Cookie Policy\"}]},{\"@type\":\"WebSite\",\"@id\":\"https:\/\/hotelrinaldo.it\/es\/#website\",\"url\":\"https:\/\/hotelrinaldo.it\/es\/\",\"name\":\"Hotel Rinaldo Apartments, Borgomanero\",\"description\":\"Hotel Business Tres Estrellas\",\"publisher\":{\"@id\":\"https:\/\/hotelrinaldo.it\/es\/#organization\"},\"potentialAction\":[{\"@type\":\"SearchAction\",\"target\":{\"@type\":\"EntryPoint\",\"urlTemplate\":\"https:\/\/hotelrinaldo.it\/es\/?s={search_term_string}\"},\"query-input\":\"required name=search_term_string\"}],\"inLanguage\":\"es\"},{\"@type\":\"Organization\",\"@id\":\"https:\/\/hotelrinaldo.it\/es\/#organization\",\"name\":\"Hotel Rinaldo\",\"url\":\"https:\/\/hotelrinaldo.it\/es\/\",\"logo\":{\"@type\":\"ImageObject\",\"inLanguage\":\"es\",\"@id\":\"https:\/\/hotelrinaldo.it\/es\/#\/schema\/logo\/image\/\",\"url\":\"https:\/\/hotelrinaldo.it\/wp-content\/uploads\/2020\/07\/IMG_0137.jpg\",\"contentUrl\":\"https:\/\/hotelrinaldo.it\/wp-content\/uploads\/2020\/07\/IMG_0137.jpg\",\"width\":900,\"height\":1200,\"caption\":\"Hotel Rinaldo\"},\"image\":{\"@id\":\"https:\/\/hotelrinaldo.it\/es\/#\/schema\/logo\/image\/\"}}]}<\/script>\n<!-- \/ Yoast SEO plugin. -->","yoast_head_json":{"title":"Privacy & Cookie Policy - Hotel Rinaldo Apartments, Borgomanero","robots":{"index":"index","follow":"follow","max-snippet":"max-snippet:-1","max-image-preview":"max-image-preview:large","max-video-preview":"max-video-preview:-1"},"canonical":"https:\/\/hotelrinaldo.it\/es\/privacy-cookie-policy\/","og_locale":"es_ES","og_type":"article","og_title":"Privacy & Cookie Policy - Hotel Rinaldo Apartments, Borgomanero","og_description":"[vc_row css=\u00bb.vc_custom_1492612814975{margin-top: 40px !important;margin-bottom: 40px !important;}\u00bb][vc_column width=\u00bb2\/3&#8243;][vc_column_text] In questa pagina si descrivono le modalit\u00e0 di gestione del sito in riferimento al trattamento dei dati personali degli utenti che lo consultano. Si tratta di un&#8217;informativa che \u00e8 resa anche ai sensi dell&#8217;art. 13 del d.lg. n. 196\/2003 (Codice in materia di protezione dei dati personali) \u00a0a [&hellip;]","og_url":"https:\/\/hotelrinaldo.it\/es\/privacy-cookie-policy\/","og_site_name":"Hotel Rinaldo Apartments, Borgomanero","twitter_card":"summary_large_image","twitter_misc":{"Tiempo de lectura":"6 minutos"},"schema":{"@context":"https:\/\/schema.org","@graph":[{"@type":"WebPage","@id":"https:\/\/hotelrinaldo.it\/es\/privacy-cookie-policy\/","url":"https:\/\/hotelrinaldo.it\/es\/privacy-cookie-policy\/","name":"Privacy & Cookie Policy - Hotel Rinaldo Apartments, Borgomanero","isPartOf":{"@id":"https:\/\/hotelrinaldo.it\/es\/#website"},"datePublished":"2020-10-04T20:16:37+00:00","dateModified":"2020-10-04T20:16:37+00:00","breadcrumb":{"@id":"https:\/\/hotelrinaldo.it\/es\/privacy-cookie-policy\/#breadcrumb"},"inLanguage":"es","potentialAction":[{"@type":"ReadAction","target":["https:\/\/hotelrinaldo.it\/es\/privacy-cookie-policy\/"]}]},{"@type":"BreadcrumbList","@id":"https:\/\/hotelrinaldo.it\/es\/privacy-cookie-policy\/#breadcrumb","itemListElement":[{"@type":"ListItem","position":1,"name":"Home","item":"https:\/\/hotelrinaldo.it\/es\/"},{"@type":"ListItem","position":2,"name":"Privacy &#038; Cookie Policy"}]},{"@type":"WebSite","@id":"https:\/\/hotelrinaldo.it\/es\/#website","url":"https:\/\/hotelrinaldo.it\/es\/","name":"Hotel Rinaldo Apartments, Borgomanero","description":"Hotel Business Tres Estrellas","publisher":{"@id":"https:\/\/hotelrinaldo.it\/es\/#organization"},"potentialAction":[{"@type":"SearchAction","target":{"@type":"EntryPoint","urlTemplate":"https:\/\/hotelrinaldo.it\/es\/?s={search_term_string}"},"query-input":"required name=search_term_string"}],"inLanguage":"es"},{"@type":"Organization","@id":"https:\/\/hotelrinaldo.it\/es\/#organization","name":"Hotel Rinaldo","url":"https:\/\/hotelrinaldo.it\/es\/","logo":{"@type":"ImageObject","inLanguage":"es","@id":"https:\/\/hotelrinaldo.it\/es\/#\/schema\/logo\/image\/","url":"https:\/\/hotelrinaldo.it\/wp-content\/uploads\/2020\/07\/IMG_0137.jpg","contentUrl":"https:\/\/hotelrinaldo.it\/wp-content\/uploads\/2020\/07\/IMG_0137.jpg","width":900,"height":1200,"caption":"Hotel Rinaldo"},"image":{"@id":"https:\/\/hotelrinaldo.it\/es\/#\/schema\/logo\/image\/"}}]}},"_links":{"self":[{"href":"https:\/\/hotelrinaldo.it\/es\/wp-json\/wp\/v2\/pages\/2821"}],"collection":[{"href":"https:\/\/hotelrinaldo.it\/es\/wp-json\/wp\/v2\/pages"}],"about":[{"href":"https:\/\/hotelrinaldo.it\/es\/wp-json\/wp\/v2\/types\/page"}],"author":[{"embeddable":true,"href":"https:\/\/hotelrinaldo.it\/es\/wp-json\/wp\/v2\/users\/1"}],"replies":[{"embeddable":true,"href":"https:\/\/hotelrinaldo.it\/es\/wp-json\/wp\/v2\/comments?post=2821"}],"version-history":[{"count":2,"href":"https:\/\/hotelrinaldo.it\/es\/wp-json\/wp\/v2\/pages\/2821\/revisions"}],"predecessor-version":[{"id":2823,"href":"https:\/\/hotelrinaldo.it\/es\/wp-json\/wp\/v2\/pages\/2821\/revisions\/2823"}],"wp:attachment":[{"href":"https:\/\/hotelrinaldo.it\/es\/wp-json\/wp\/v2\/media?parent=2821"}],"curies":[{"name":"wp","href":"https:\/\/api.w.org\/{rel}","templated":true}]}}